{"id":11,"date":"2014-05-08T08:32:49","date_gmt":"2014-05-08T08:32:49","guid":{"rendered":"http:\/\/inspirythemesdemo.com\/medicalpress\/?page_id=11"},"modified":"2025-04-13T20:28:47","modified_gmt":"2025-04-13T20:28:47","slug":"home","status":"publish","type":"page","link":"https:\/\/www.clinicadoscapuchos.com\/en\/","title":{"rendered":"Home"},"content":{"rendered":"<div data-elementor-type=\"wp-page\" data-elementor-id=\"11\" class=\"elementor elementor-11\">\n\t\t\t\t\t\t<section class=\"elementor-section elementor-top-section elementor-element elementor-element-a4e9704 elementor-section-full_width elementor-section-stretched elementor-section-height-default elementor-section-height-default\" data-id=\"a4e9704\" data-element_type=\"section\" data-settings=\"{&quot;stretch_section&quot;:&quot;section-stretched&quot;}\">\n\t\t\t\t\t\t<div class=\"elementor-container elementor-column-gap-no\">\n\t\t\t\t\t<div class=\"elementor-column elementor-col-100 elementor-top-column elementor-element elementor-element-4f4cf5f\" data-id=\"4f4cf5f\" data-element_type=\"column\">\n\t\t\t<div class=\"elementor-widget-wrap elementor-element-populated\">\n\t\t\t\t\t\t\t<\/div>\n\t\t<\/div>\n\t\t\t\t\t<\/div>\n\t\t<\/section>\n\t\t\t\t<section class=\"elementor-section elementor-top-section elementor-element elementor-element-bbee0b4 elementor-section-boxed elementor-section-height-default elementor-section-height-default\" data-id=\"bbee0b4\" data-element_type=\"section\">\n\t\t\t\t\t\t<div class=\"elementor-container elementor-column-gap-default\">\n\t\t\t\t\t<div class=\"elementor-column elementor-col-100 elementor-top-column elementor-element elementor-element-e072420\" data-id=\"e072420\" data-element_type=\"column\">\n\t\t\t<div class=\"elementor-widget-wrap elementor-element-populated\">\n\t\t\t\t\t\t<div class=\"elementor-element elementor-element-580f37a elementor-widget elementor-widget-heading\" data-id=\"580f37a\" data-element_type=\"widget\" data-widget_type=\"heading.default\">\n\t\t\t\t<div class=\"elementor-widget-container\">\n\t\t\t<h1 class=\"elementor-heading-title elementor-size-default\">Clinica Dent\u00e1ria de Santo Ant\u00f3nio dos Capuchos<\/h1>\t\t<\/div>\n\t\t\t\t<\/div>\n\t\t\t\t<div class=\"elementor-element elementor-element-52c3be2 elementor-widget elementor-widget-mpea-home-features-widget\" data-id=\"52c3be2\" data-element_type=\"widget\" data-widget_type=\"mpea-home-features-widget.default\">\n\t\t\t\t<div class=\"elementor-widget-container\">\n\t\t\t\t\t\t<div class=\"mpea-home-features mpea-fancy-cards three-col\">\n\t\t\t\t\t\t\t\t\t\t<div class=\"single-feature\">\n\t\t\t\t\t\t\t<div class=\"thumb-wrapper\">\n\t\t\t\t\t\t\t\t<img decoding=\"async\" src=\"https:\/\/www.clinicadoscapuchos.com\/wp-content\/uploads\/2018\/05\/f1.png\" alt=\"Agreements and Partnerships\"\/>\t\t\t\t\t\t\t<\/div>\n\t\t\t\t\t\t\t<div class=\"item-content\">\n\t\t\t\t\t\t\t\t<h3 class=\"item-title\">\n\t\t\t\t\t\t\t\t\tAgreements and Partnerships\t\t\t\t\t\t\t\t<\/h3>\n\t\t\t\t\t\t\t\t<p class=\"home-features-item-description\">We have agreements and partnerships with numerous insurers and various entities at national and local level.<\/p>\n\t\t\t\t\t\t\t<\/div>\n\t\t\t\t\t\t<\/div>\n\t\t\t\t\t\t\t\t\t\t\t\t<div class=\"single-feature\">\n\t\t\t\t\t\t\t<div class=\"thumb-wrapper\">\n\t\t\t\t\t\t\t\t<img decoding=\"async\" src=\"https:\/\/www.clinicadoscapuchos.com\/wp-content\/uploads\/2018\/05\/f2.png\" alt=\"Excellence Clinics\"\/>\t\t\t\t\t\t\t<\/div>\n\t\t\t\t\t\t\t<div class=\"item-content\">\n\t\t\t\t\t\t\t\t<h3 class=\"item-title\">\n\t\t\t\t\t\t\t\t\tExcellence Clinics\t\t\t\t\t\t\t\t<\/h3>\n\t\t\t\t\t\t\t\t<p class=\"home-features-item-description\">It finds a recognized and highly qualified clinical staff. We are dedicated to what we do.<\/p>\n\t\t\t\t\t\t\t<\/div>\n\t\t\t\t\t\t<\/div>\n\t\t\t\t\t\t\t\t\t\t\t\t<div class=\"single-feature\">\n\t\t\t\t\t\t\t<div class=\"thumb-wrapper\">\n\t\t\t\t\t\t\t\t<img decoding=\"async\" src=\"https:\/\/www.clinicadoscapuchos.com\/wp-content\/uploads\/2018\/05\/f3.png\" alt=\"Somos Certificados\"\/>\t\t\t\t\t\t\t<\/div>\n\t\t\t\t\t\t\t<div class=\"item-content\">\n\t\t\t\t\t\t\t\t<h3 class=\"item-title\">\n\t\t\t\t\t\t\t\t\tSomos Certificados\t\t\t\t\t\t\t\t<\/h3>\n\t\t\t\t\t\t\t\t<p class=\"home-features-item-description\">Dedicated to delivering an extremely high quality healthcare service, our equipment is state-of-the-art.<\/p>\n\t\t\t\t\t\t\t<\/div>\n\t\t\t\t\t\t<\/div>\n\t\t\t\t\t\t\t\t\t<\/div>\n\t\t\t\t\t<\/div>\n\t\t\t\t<\/div>\n\t\t\t\t\t<\/div>\n\t\t<\/div>\n\t\t\t\t\t<\/div>\n\t\t<\/section>\n\t\t\t\t<section class=\"elementor-section elementor-top-section elementor-element elementor-element-4849c14 elementor-section-boxed elementor-section-height-default elementor-section-height-default\" data-id=\"4849c14\" data-element_type=\"section\" data-settings=\"{&quot;background_background&quot;:&quot;classic&quot;}\">\n\t\t\t\t\t\t<div class=\"elementor-container elementor-column-gap-default\">\n\t\t\t\t\t<div class=\"elementor-column elementor-col-100 elementor-top-column elementor-element elementor-element-a59ec6d\" data-id=\"a59ec6d\" data-element_type=\"column\">\n\t\t\t<div class=\"elementor-widget-wrap elementor-element-populated\">\n\t\t\t\t\t\t<div class=\"elementor-element elementor-element-e230821 elementor-widget elementor-widget-mpea-home-section-header-widget\" data-id=\"e230821\" data-element_type=\"widget\" data-widget_type=\"mpea-home-section-header-widget.default\">\n\t\t\t\t<div class=\"elementor-widget-container\">\n\t\t\t\t<div class=\"mpea-section-header\">\n\t\t\t<h2>Ours <span>dental specialties<\/span><\/h2><p>Our team is specialized in the different aspects necessary to maintain good oral health.<\/p>\t<\/div>\n\t\t\t<\/div>\n\t\t\t\t<\/div>\n\t\t\t\t<div class=\"elementor-element elementor-element-df61c78 elementor-position-left elementor-vertical-align-middle elementor-view-default elementor-mobile-position-top elementor-widget elementor-widget-icon-box\" data-id=\"df61c78\" data-element_type=\"widget\" data-widget_type=\"icon-box.default\">\n\t\t\t\t<div class=\"elementor-widget-container\">\n\t\t\t\t\t<div class=\"elementor-icon-box-wrapper\">\n\n\t\t\t\t\t\t<div class=\"elementor-icon-box-icon\">\n\t\t\t\t<span  class=\"elementor-icon elementor-animation-\">\n\t\t\t\t<svg xmlns=\"http:\/\/www.w3.org\/2000\/svg\" xmlns:xlink=\"http:\/\/www.w3.org\/1999\/xlink\" id=\"Layer_1\" x=\"0px\" y=\"0px\" width=\"64px\" height=\"64px\" viewbox=\"0 0 64 64\" xml:space=\"preserve\">  <image id=\"image0\" width=\"64\" height=\"64\" x=\"0\" y=\"0\"><\/image><\/svg>\t\t\t\t<\/span>\n\t\t\t<\/div>\n\t\t\t\n\t\t\t\t\t\t<div class=\"elementor-icon-box-content\">\n\n\t\t\t\t\t\t\t\t\t<h3 class=\"elementor-icon-box-title\">\n\t\t\t\t\t\t<span  >\n\t\t\t\t\t\t\tClean & Safe\t\t\t\t\t\t<\/span>\n\t\t\t\t\t<\/h3>\n\t\t\t\t\n\t\t\t\t\t\t\t\t\t<p class=\"elementor-icon-box-description\">\n\t\t\t\t\t\tIn our Clinic we ensure care and safety measures, in accordance with DGS standards.\t\t\t\t\t<\/p>\n\t\t\t\t\n\t\t\t<\/div>\n\t\t\t\n\t\t<\/div>\n\t\t\t\t<\/div>\n\t\t\t\t<\/div>\n\t\t\t\t<div class=\"elementor-element elementor-element-6dfac11 elementor-widget elementor-widget-mpea-home-features-widget\" data-id=\"6dfac11\" data-element_type=\"widget\" data-widget_type=\"mpea-home-features-widget.default\">\n\t\t\t\t<div class=\"elementor-widget-container\">\n\t\t\t\t\t\t<div class=\"mpea-home-features mpea-fancy-cards four-col\">\n\t\t\t\t\t\t\t\t\t\t<div class=\"single-feature\">\n\t\t\t\t\t\t\t<div class=\"thumb-wrapper\">\n\t\t\t\t\t\t\t\t<img decoding=\"async\" src=\"https:\/\/www.clinicadoscapuchos.com\/wp-content\/uploads\/2022\/02\/invisalign-logo.png\" alt=\"\"\/>\t\t\t\t\t\t\t<\/div>\n\t\t\t\t\t\t\t<div class=\"item-content\">\n\t\t\t\t\t\t\t\t<h3 class=\"item-title\">\n\t\t\t\t\t\t\t\t\t\t\t\t\t\t\t\t\t<\/h3>\n\t\t\t\t\t\t\t\t<p class=\"home-features-item-description\">Alternative to conventional orthodontic methods. Unlike metallic braces, which are glued to the teeth, Invisalign\u00ae is an invisible braces, which appears as an alternative to traditional metal braces.<\/p>\n\t\t\t\t\t\t\t<\/div>\n\t\t\t\t\t\t<\/div>\n\t\t\t\t\t\t\t\t\t\t\t\t<div class=\"single-feature\">\n\t\t\t\t\t\t\t<div class=\"thumb-wrapper\">\n\t\t\t\t\t\t\t\t<img decoding=\"async\" src=\"https:\/\/www.clinicadoscapuchos.com\/wp-content\/uploads\/2014\/05\/1.png\" alt=\"Dental Aesthetics\"\/>\t\t\t\t\t\t\t<\/div>\n\t\t\t\t\t\t\t<div class=\"item-content\">\n\t\t\t\t\t\t\t\t<h3 class=\"item-title\">\n\t\t\t\t\t\t\t\t\tDental Aesthetics\t\t\t\t\t\t\t\t<\/h3>\n\t\t\t\t\t\t\t\t<p class=\"home-features-item-description\">We develop the highest quality dental prostheses, completely tailored to you and using state-of-the-art technology.<\/p>\n\t\t\t\t\t\t\t<\/div>\n\t\t\t\t\t\t<\/div>\n\t\t\t\t\t\t\t\t\t<\/div>\n\t\t\t\t\t<\/div>\n\t\t\t\t<\/div>\n\t\t\t\t<div class=\"elementor-element elementor-element-aebad3d elementor-widget elementor-widget-mpea-home-features-widget\" data-id=\"aebad3d\" data-element_type=\"widget\" data-widget_type=\"mpea-home-features-widget.default\">\n\t\t\t\t<div class=\"elementor-widget-container\">\n\t\t\t\t\t\t<div class=\"mpea-home-features mpea-fancy-cards four-col\">\n\t\t\t\t\t\t\t\t\t\t<div class=\"single-feature\">\n\t\t\t\t\t\t\t<div class=\"thumb-wrapper\">\n\t\t\t\t\t\t\t\t<img decoding=\"async\" src=\"https:\/\/www.clinicadoscapuchos.com\/wp-content\/uploads\/2014\/05\/2.png\" alt=\"Implantology and Oral Surgery\"\/>\t\t\t\t\t\t\t<\/div>\n\t\t\t\t\t\t\t<div class=\"item-content\">\n\t\t\t\t\t\t\t\t<h3 class=\"item-title\">\n\t\t\t\t\t\t\t\t\tImplantology and Oral Surgery\t\t\t\t\t\t\t\t<\/h3>\n\t\t\t\t\t\t\t\t<p class=\"home-features-item-description\">Consult our team of experts to find out how we can help you correct the natural malposition of your teeth.<\/p>\n\t\t\t\t\t\t\t<\/div>\n\t\t\t\t\t\t<\/div>\n\t\t\t\t\t\t\t\t\t\t\t\t<div class=\"single-feature\">\n\t\t\t\t\t\t\t<div class=\"thumb-wrapper\">\n\t\t\t\t\t\t\t\t<img decoding=\"async\" src=\"https:\/\/www.clinicadoscapuchos.com\/wp-content\/uploads\/2014\/05\/3.png\" alt=\"Oclus\u00e3o &amp; Reabilita\u00e7\u00e3o Oral\"\/>\t\t\t\t\t\t\t<\/div>\n\t\t\t\t\t\t\t<div class=\"item-content\">\n\t\t\t\t\t\t\t\t<h3 class=\"item-title\">\n\t\t\t\t\t\t\t\t\tOcclusion &amp; Oral Rehabilitation\t\t\t\t\t\t\t\t<\/h3>\n\t\t\t\t\t\t\t\t<p class=\"home-features-item-description\">So that you always have a perfect smile, we offer state-of-the-art teeth whitening services that will transform your smile.<\/p>\n\t\t\t\t\t\t\t<\/div>\n\t\t\t\t\t\t<\/div>\n\t\t\t\t\t\t\t\t\t<\/div>\n\t\t\t\t\t<\/div>\n\t\t\t\t<\/div>\n\t\t\t\t<div class=\"elementor-element elementor-element-a45408f elementor-widget elementor-widget-mpea-home-features-widget\" data-id=\"a45408f\" data-element_type=\"widget\" data-widget_type=\"mpea-home-features-widget.default\">\n\t\t\t\t<div class=\"elementor-widget-container\">\n\t\t\t\t\t\t<div class=\"mpea-home-features mpea-fancy-cards four-col\">\n\t\t\t\t\t\t\t\t\t\t<div class=\"single-feature\">\n\t\t\t\t\t\t\t<div class=\"thumb-wrapper\">\n\t\t\t\t\t\t\t\t<img decoding=\"async\" src=\"https:\/\/www.clinicadoscapuchos.com\/wp-content\/uploads\/2018\/05\/f2.png\" alt=\"Medicina Dent\u00e1ria Infantil &amp; Geri\u00e1trica\"\/>\t\t\t\t\t\t\t<\/div>\n\t\t\t\t\t\t\t<div class=\"item-content\">\n\t\t\t\t\t\t\t\t<h3 class=\"item-title\">\n\t\t\t\t\t\t\t\t\tPediatric &amp; Geriatric Dentistry\t\t\t\t\t\t\t\t<\/h3>\n\t\t\t\t\t\t\t\t<p class=\"home-features-item-description\">So that you always have a perfect smile, we offer state-of-the-art teeth whitening services that will transform your smile.<\/p>\n\t\t\t\t\t\t\t<\/div>\n\t\t\t\t\t\t<\/div>\n\t\t\t\t\t\t\t\t\t<\/div>\n\t\t\t\t\t<\/div>\n\t\t\t\t<\/div>\n\t\t\t\t<div class=\"elementor-element elementor-element-00816d4 elementor-widget elementor-widget-mpea-home-features-widget\" data-id=\"00816d4\" data-element_type=\"widget\" data-widget_type=\"mpea-home-features-widget.default\">\n\t\t\t\t<div class=\"elementor-widget-container\">\n\t\t\t\t\t\t<div class=\"mpea-home-features mpea-fancy-cards four-col\">\n\t\t\t\t\t\t\t\t\t\t<div class=\"single-feature\">\n\t\t\t\t\t\t\t<div class=\"thumb-wrapper\">\n\t\t\t\t\t\t\t\t<img decoding=\"async\" src=\"https:\/\/www.clinicadoscapuchos.com\/wp-content\/uploads\/2014\/05\/6.png\" alt=\"Periodontology\"\/>\t\t\t\t\t\t\t<\/div>\n\t\t\t\t\t\t\t<div class=\"item-content\">\n\t\t\t\t\t\t\t\t<h3 class=\"item-title\">\n\t\t\t\t\t\t\t\t\tPeriodontology\t\t\t\t\t\t\t\t<\/h3>\n\t\t\t\t\t\t\t\t<p class=\"home-features-item-description\">Consult our team of experts to find out how we can help you correct the natural malposition of your teeth.<\/p>\n\t\t\t\t\t\t\t<\/div>\n\t\t\t\t\t\t<\/div>\n\t\t\t\t\t\t\t\t\t\t\t\t<div class=\"single-feature\">\n\t\t\t\t\t\t\t<div class=\"thumb-wrapper\">\n\t\t\t\t\t\t\t\t<img decoding=\"async\" src=\"https:\/\/www.clinicadoscapuchos.com\/wp-content\/uploads\/2014\/05\/4.png\" alt=\"Ozonoterapia &amp; Laser\"\/>\t\t\t\t\t\t\t<\/div>\n\t\t\t\t\t\t\t<div class=\"item-content\">\n\t\t\t\t\t\t\t\t<h3 class=\"item-title\">\n\t\t\t\t\t\t\t\t\tOzone therapy &amp; Laser\t\t\t\t\t\t\t\t<\/h3>\n\t\t\t\t\t\t\t\t<p class=\"home-features-item-description\">So that you always have a perfect smile, we offer state-of-the-art teeth whitening services that will transform your smile.<\/p>\n\t\t\t\t\t\t\t<\/div>\n\t\t\t\t\t\t<\/div>\n\t\t\t\t\t\t\t\t\t<\/div>\n\t\t\t\t\t<\/div>\n\t\t\t\t<\/div>\n\t\t\t\t\t<\/div>\n\t\t<\/div>\n\t\t\t\t\t<\/div>\n\t\t<\/section>\n\t\t\t\t<section class=\"elementor-section elementor-top-section elementor-element elementor-element-f74b91e elementor-section-boxed elementor-section-height-default elementor-section-height-default\" data-id=\"f74b91e\" data-element_type=\"section\">\n\t\t\t\t\t\t<div class=\"elementor-container elementor-column-gap-default\">\n\t\t\t\t\t<div class=\"elementor-column elementor-col-100 elementor-top-column elementor-element elementor-element-7e3b6d5\" data-id=\"7e3b6d5\" data-element_type=\"column\">\n\t\t\t<div class=\"elementor-widget-wrap elementor-element-populated\">\n\t\t\t\t\t\t<div class=\"elementor-element elementor-element-5af984c elementor-widget elementor-widget-mpea-home-section-header-widget\" data-id=\"5af984c\" data-element_type=\"widget\" data-widget_type=\"mpea-home-section-header-widget.default\">\n\t\t\t\t<div class=\"elementor-widget-container\">\n\t\t\t\t<div class=\"mpea-section-header\">\n\t\t\t<h2>Agreements and Partnerships<\/h2><p>Throughout our existence, we have established a set of agreements and partnerships, which aim to provide our customers with advantages to our services.<\/p>\t<\/div>\n\t\t\t<\/div>\n\t\t\t\t<\/div>\n\t\t\t\t<div class=\"elementor-element elementor-element-655703d elementor-arrows-position-inside elementor-widget elementor-widget-image-carousel\" data-id=\"655703d\" data-element_type=\"widget\" data-settings=\"{&quot;navigation&quot;:&quot;arrows&quot;,&quot;autoplay&quot;:&quot;yes&quot;,&quot;pause_on_hover&quot;:&quot;yes&quot;,&quot;pause_on_interaction&quot;:&quot;yes&quot;,&quot;autoplay_speed&quot;:5000,&quot;infinite&quot;:&quot;yes&quot;,&quot;speed&quot;:500}\" data-widget_type=\"image-carousel.default\">\n\t\t\t\t<div class=\"elementor-widget-container\">\n\t\t\t\t\t<div class=\"elementor-image-carousel-wrapper swiper\" dir=\"ltr\">\n\t\t\t<div class=\"elementor-image-carousel swiper-wrapper\" aria-live=\"off\">\n\t\t\t\t\t\t\t\t<div class=\"swiper-slide\" role=\"group\" aria-roledescription=\"slide\" aria-label=\"1 of 6\"><figure class=\"swiper-slide-inner\"><img decoding=\"async\" class=\"swiper-slide-image\" src=\"https:\/\/www.clinicadoscapuchos.com\/wp-content\/uploads\/2021\/07\/adse-logo.jpg\" alt=\"ADSE\" \/><\/figure><\/div><div class=\"swiper-slide\" role=\"group\" aria-roledescription=\"slide\" aria-label=\"2 of 6\"><figure class=\"swiper-slide-inner\"><img decoding=\"async\" class=\"swiper-slide-image\" src=\"https:\/\/www.clinicadoscapuchos.com\/wp-content\/uploads\/2021\/07\/logo-sad-psp.jpg\" alt=\"SAD PSP\" \/><\/figure><\/div><div class=\"swiper-slide\" role=\"group\" aria-roledescription=\"slide\" aria-label=\"3 of 6\"><figure class=\"swiper-slide-inner\"><img decoding=\"async\" class=\"swiper-slide-image\" src=\"https:\/\/www.clinicadoscapuchos.com\/wp-content\/uploads\/2021\/07\/logo-SSCGD.jpg\" alt=\"SSCGD\" \/><\/figure><\/div><div class=\"swiper-slide\" role=\"group\" aria-roledescription=\"slide\" aria-label=\"4 of 6\"><figure class=\"swiper-slide-inner\"><img decoding=\"async\" class=\"swiper-slide-image\" src=\"https:\/\/www.clinicadoscapuchos.com\/wp-content\/uploads\/2021\/07\/logo-SAVIDA.jpg\" alt=\"S\u00c3VIDA\" \/><\/figure><\/div><div class=\"swiper-slide\" role=\"group\" aria-roledescription=\"slide\" aria-label=\"5 of 6\"><figure class=\"swiper-slide-inner\"><img decoding=\"async\" class=\"swiper-slide-image\" src=\"https:\/\/www.clinicadoscapuchos.com\/wp-content\/uploads\/2021\/07\/logo-multicar-altice.jpg\" alt=\"Multicare-ALTICE\" \/><\/figure><\/div><div class=\"swiper-slide\" role=\"group\" aria-roledescription=\"slide\" aria-label=\"6 of 6\"><figure class=\"swiper-slide-inner\"><img decoding=\"async\" class=\"swiper-slide-image\" src=\"https:\/\/www.clinicadoscapuchos.com\/wp-content\/uploads\/2021\/07\/logo-medis.jpg\" alt=\"MEDIS CTT PT-ACS\" \/><\/figure><\/div>\t\t\t<\/div>\n\t\t\t\t\t\t\t\t\t\t\t\t<div class=\"elementor-swiper-button elementor-swiper-button-prev\" role=\"button\" tabindex=\"0\">\n\t\t\t\t\t\t<i aria-hidden=\"true\" class=\"eicon-chevron-left\"><\/i>\t\t\t\t\t<\/div>\n\t\t\t\t\t<div class=\"elementor-swiper-button elementor-swiper-button-next\" role=\"button\" tabindex=\"0\">\n\t\t\t\t\t\t<i aria-hidden=\"true\" class=\"eicon-chevron-right\"><\/i>\t\t\t\t\t<\/div>\n\t\t\t\t\n\t\t\t\t\t\t\t\t\t<\/div>\n\t\t\t\t<\/div>\n\t\t\t\t<\/div>\n\t\t\t\t\t<\/div>\n\t\t<\/div>\n\t\t\t\t\t<\/div>\n\t\t<\/section>\n\t\t\t\t<\/div>","protected":false},"excerpt":{"rendered":"<p>Clinica Dent\u00e1ria de Santo Ant\u00f3nio dos Capuchos Acordos e Parcerias Dispomos de acordos e parcerias com in\u00fameras seguradoras e diversas entidades a n\u00edvel nacional e local Clinicos de Excel\u00eancia Encontra um corpo cl\u00ednico reconhecido e altamente qualificado. Somos dedicados ao que fazemos. Somos Certificados Dedicados a entregar um servi\u00e7o de sa\u00fade de extrema qualidade, os [&hellip;]<\/p>\n","protected":false},"author":1,"featured_media":0,"parent":0,"menu_order":0,"comment_status":"open","ping_status":"closed","template":"templates\/home.php","meta":{"footnotes":""},"class_list":["post-11","page","type-page","status-publish","hentry","clearfix"],"_links":{"self":[{"href":"https:\/\/www.clinicadoscapuchos.com\/en\/wp-json\/wp\/v2\/pages\/11","targetHints":{"allow":["GET"]}}],"collection":[{"href":"https:\/\/www.clinicadoscapuchos.com\/en\/wp-json\/wp\/v2\/pages"}],"about":[{"href":"https:\/\/www.clinicadoscapuchos.com\/en\/wp-json\/wp\/v2\/types\/page"}],"author":[{"embeddable":true,"href":"https:\/\/www.clinicadoscapuchos.com\/en\/wp-json\/wp\/v2\/users\/1"}],"replies":[{"embeddable":true,"href":"https:\/\/www.clinicadoscapuchos.com\/en\/wp-json\/wp\/v2\/comments?post=11"}],"version-history":[{"count":0,"href":"https:\/\/www.clinicadoscapuchos.com\/en\/wp-json\/wp\/v2\/pages\/11\/revisions"}],"wp:attachment":[{"href":"https:\/\/www.clinicadoscapuchos.com\/en\/wp-json\/wp\/v2\/media?parent=11"}],"curies":[{"name":"wp","href":"https:\/\/api.w.org\/{rel}","templated":true}]}}