{"id":160,"date":"2014-05-11T18:14:52","date_gmt":"2014-05-11T18:14:52","guid":{"rendered":"http:\/\/inspirythemesdemo.com\/medicalpress\/?page_id=160"},"modified":"2021-07-19T20:56:55","modified_gmt":"2021-07-19T20:56:55","slug":"acordos-parcerias","status":"publish","type":"page","link":"https:\/\/www.clinicadoscapuchos.com\/en\/acordos-parcerias\/","title":{"rendered":"Agreements &amp; Partnerships"},"content":{"rendered":"<p>Para lhe oferecer um melhor servi\u00e7o estabelecemos parceria com algumas das maiores empresas e institui\u00e7\u00f5es Portuguesas.<\/p>","protected":false},"excerpt":{"rendered":"<p>Para lhe oferecer um melhor servi\u00e7o estabelecemos parceria com algumas das maiores empresas e institui\u00e7\u00f5es Portuguesas.<\/p>","protected":false},"author":1,"featured_media":0,"parent":0,"menu_order":0,"comment_status":"closed","ping_status":"closed","template":"templates\/gallery-three-col.php","meta":{"footnotes":""},"class_list":["post-160","page","type-page","status-publish","hentry","clearfix"],"_links":{"self":[{"href":"https:\/\/www.clinicadoscapuchos.com\/en\/wp-json\/wp\/v2\/pages\/160","targetHints":{"allow":["GET"]}}],"collection":[{"href":"https:\/\/www.clinicadoscapuchos.com\/en\/wp-json\/wp\/v2\/pages"}],"about":[{"href":"https:\/\/www.clinicadoscapuchos.com\/en\/wp-json\/wp\/v2\/types\/page"}],"author":[{"embeddable":true,"href":"https:\/\/www.clinicadoscapuchos.com\/en\/wp-json\/wp\/v2\/users\/1"}],"replies":[{"embeddable":true,"href":"https:\/\/www.clinicadoscapuchos.com\/en\/wp-json\/wp\/v2\/comments?post=160"}],"version-history":[{"count":0,"href":"https:\/\/www.clinicadoscapuchos.com\/en\/wp-json\/wp\/v2\/pages\/160\/revisions"}],"wp:attachment":[{"href":"https:\/\/www.clinicadoscapuchos.com\/en\/wp-json\/wp\/v2\/media?parent=160"}],"curies":[{"name":"wp","href":"https:\/\/api.w.org\/{rel}","templated":true}]}}