{"id":188,"date":"2014-05-12T06:10:20","date_gmt":"2014-05-12T06:10:20","guid":{"rendered":"http:\/\/inspirythemesdemo.com\/medicalpress\/?page_id=188"},"modified":"2022-01-31T23:57:48","modified_gmt":"2022-01-31T23:57:48","slug":"marcar-consulta-dentaria","status":"publish","type":"page","link":"https:\/\/www.clinicadoscapuchos.com\/en\/marcar-consulta-dentaria\/","title":{"rendered":"Marcar Consulta Dent\u00e1ria"},"content":{"rendered":"<h2 style=\"text-align: center;\">Marcar Consulta Dent\u00e1ria<\/h2>\n\n\n<p class=\"has-text-align-center\">no formul\u00e1rio em baixo, poder\u00e1 marcar a sua consulta dent\u00e1ria! Confirmamos disponibilidade ap\u00f3s contacto.<\/p>","protected":false},"excerpt":{"rendered":"<p>Marcar Consulta Dent\u00e1ria no formul\u00e1rio em baixo, poder\u00e1 marcar a sua consulta dent\u00e1ria! Confirmamos disponibilidade ap\u00f3s contacto.<\/p>","protected":false},"author":1,"featured_media":0,"parent":0,"menu_order":0,"comment_status":"closed","ping_status":"closed","template":"templates\/make-appointment.php","meta":{"footnotes":""},"class_list":["post-188","page","type-page","status-publish","hentry","clearfix"],"_links":{"self":[{"href":"https:\/\/www.clinicadoscapuchos.com\/en\/wp-json\/wp\/v2\/pages\/188","targetHints":{"allow":["GET"]}}],"collection":[{"href":"https:\/\/www.clinicadoscapuchos.com\/en\/wp-json\/wp\/v2\/pages"}],"about":[{"href":"https:\/\/www.clinicadoscapuchos.com\/en\/wp-json\/wp\/v2\/types\/page"}],"author":[{"embeddable":true,"href":"https:\/\/www.clinicadoscapuchos.com\/en\/wp-json\/wp\/v2\/users\/1"}],"replies":[{"embeddable":true,"href":"https:\/\/www.clinicadoscapuchos.com\/en\/wp-json\/wp\/v2\/comments?post=188"}],"version-history":[{"count":0,"href":"https:\/\/www.clinicadoscapuchos.com\/en\/wp-json\/wp\/v2\/pages\/188\/revisions"}],"wp:attachment":[{"href":"https:\/\/www.clinicadoscapuchos.com\/en\/wp-json\/wp\/v2\/media?parent=188"}],"curies":[{"name":"wp","href":"https:\/\/api.w.org\/{rel}","templated":true}]}}